{"id":1647,"date":"2023-06-02T09:43:09","date_gmt":"2023-06-02T07:43:09","guid":{"rendered":"https:\/\/www.cyberchecker.at\/?page_id=1647"},"modified":"2023-09-29T12:08:16","modified_gmt":"2023-09-29T10:08:16","slug":"impressum","status":"publish","type":"page","link":"https:\/\/www.cyberchecker.at\/pl\/impressum\/","title":{"rendered":"Nadruk"},"content":{"rendered":"<div data-elementor-type=\"wp-page\" data-elementor-id=\"1647\" class=\"elementor elementor-1647\" data-elementor-post-type=\"page\">\n\t\t\t\t\t\t<section class=\"elementor-section elementor-top-section elementor-element elementor-element-3db4e848 elementor-section-height-min-height elementor-section-boxed elementor-section-height-default elementor-section-items-middle\" data-id=\"3db4e848\" data-element_type=\"section\" data-settings=\"{&quot;background_background&quot;:&quot;classic&quot;}\">\n\t\t\t\t\t\t\t<div class=\"elementor-background-overlay\"><\/div>\n\t\t\t\t\t\t\t<div class=\"elementor-container elementor-column-gap-default\">\n\t\t\t\t\t<div class=\"elementor-column elementor-col-100 elementor-top-column elementor-element elementor-element-20798e9a elementor-invisible\" data-id=\"20798e9a\" data-element_type=\"column\" data-settings=\"{&quot;animation&quot;:&quot;fadeIn&quot;}\">\n\t\t\t<div class=\"elementor-widget-wrap elementor-element-populated\">\n\t\t\t\t\t\t<section class=\"elementor-section elementor-inner-section elementor-element elementor-element-4cda6c77 elementor-section-boxed elementor-section-height-default elementor-section-height-default\" data-id=\"4cda6c77\" data-element_type=\"section\">\n\t\t\t\t\t\t<div class=\"elementor-container elementor-column-gap-default\">\n\t\t\t\t\t<div class=\"elementor-column elementor-col-100 elementor-inner-column elementor-element elementor-element-6d02469a\" data-id=\"6d02469a\" data-element_type=\"column\">\n\t\t\t<div class=\"elementor-widget-wrap elementor-element-populated\">\n\t\t\t\t\t\t<div class=\"elementor-element elementor-element-68c7016d elementor-widget elementor-widget-heading\" data-id=\"68c7016d\" data-element_type=\"widget\" data-widget_type=\"heading.default\">\n\t\t\t\t<div class=\"elementor-widget-container\">\n\t\t\t<style>\/*! elementor - v3.22.0 - 17-06-2024 *\/\n.elementor-heading-title{padding:0;margin:0;line-height:1}.elementor-widget-heading .elementor-heading-title[class*=elementor-size-]>a{color:inherit;font-size:inherit;line-height:inherit}.elementor-widget-heading .elementor-heading-title.elementor-size-small{font-size:15px}.elementor-widget-heading .elementor-heading-title.elementor-size-medium{font-size:19px}.elementor-widget-heading .elementor-heading-title.elementor-size-large{font-size:29px}.elementor-widget-heading .elementor-heading-title.elementor-size-xl{font-size:39px}.elementor-widget-heading .elementor-heading-title.elementor-size-xxl{font-size:59px}<\/style><h1 class=\"elementor-heading-title elementor-size-default\">Nadruk<\/h1>\t\t<\/div>\n\t\t\t\t<\/div>\n\t\t\t\t\t<\/div>\n\t\t<\/div>\n\t\t\t\t\t<\/div>\n\t\t<\/section>\n\t\t\t\t\t<\/div>\n\t\t<\/div>\n\t\t\t\t\t<\/div>\n\t\t<\/section>\n\t\t\t\t<section class=\"elementor-section elementor-top-section elementor-element elementor-element-56f5f7ac elementor-section-boxed elementor-section-height-default elementor-section-height-default\" data-id=\"56f5f7ac\" data-element_type=\"section\">\n\t\t\t\t\t\t<div class=\"elementor-container elementor-column-gap-default\">\n\t\t\t\t\t<div class=\"elementor-column elementor-col-100 elementor-top-column elementor-element elementor-element-4bf65b7f\" data-id=\"4bf65b7f\" data-element_type=\"column\" data-settings=\"{&quot;background_background&quot;:&quot;classic&quot;}\">\n\t\t\t<div class=\"elementor-widget-wrap elementor-element-populated\">\n\t\t\t\t\t\t<section class=\"elementor-section elementor-inner-section elementor-element elementor-element-3c494826 elementor-reverse-tablet elementor-reverse-mobile elementor-section-boxed elementor-section-height-default elementor-section-height-default\" data-id=\"3c494826\" data-element_type=\"section\">\n\t\t\t\t\t\t<div class=\"elementor-container elementor-column-gap-default\">\n\t\t\t\t\t<div class=\"elementor-column elementor-col-100 elementor-inner-column elementor-element elementor-element-e71d874\" data-id=\"e71d874\" data-element_type=\"column\">\n\t\t\t<div class=\"elementor-widget-wrap elementor-element-populated\">\n\t\t\t\t\t\t<div class=\"elementor-element elementor-element-262e0f00 elementor-widget elementor-widget-heading\" data-id=\"262e0f00\" data-element_type=\"widget\" data-widget_type=\"heading.default\">\n\t\t\t\t<div class=\"elementor-widget-container\">\n\t\t\t<h2 class=\"elementor-heading-title elementor-size-default\">Cyberchecker\n<p dir=\"ltr\" style=\"margin-top: 0pt; margin-bottom: 0pt; font-family: Muli, sans-serif; font-size: 18px; font-weight: 400; text-transform: none; white-space-collapse: collapse; line-height: 1.38; padding: 0pt 0pt 23pt;\"><span style=\"font-size: 13pt; font-family: Arial; color: rgb(18, 18, 18); background-color: transparent; font-variant-numeric: normal; font-variant-east-asian: normal; font-variant-alternates: normal; vertical-align: baseline; white-space-collapse: preserve;\">Przewodnik po \u015bwiecie medi\u00f3w spo\u0142eczno\u015bciowych<\/span><span style=\"font-family: Montserrat, sans-serif; font-size: 32px; font-weight: 700; text-transform: capitalize; white-space-collapse: preserve;\"><\/span><\/p><\/h2>\t\t<\/div>\n\t\t\t\t<\/div>\n\t\t\t\t<div class=\"elementor-element elementor-element-7bfaee57 elementor-widget__width-initial elementor-widget elementor-widget-text-editor\" data-id=\"7bfaee57\" data-element_type=\"widget\" data-widget_type=\"text-editor.default\">\n\t\t\t\t<div class=\"elementor-widget-container\">\n\t\t\t<style>\/*! elementor - v3.22.0 - 17-06-2024 *\/\n.elementor-widget-text-editor.elementor-drop-cap-view-stacked .elementor-drop-cap{background-color:#69727d;color:#fff}.elementor-widget-text-editor.elementor-drop-cap-view-framed .elementor-drop-cap{color:#69727d;border:3px solid;background-color:transparent}.elementor-widget-text-editor:not(.elementor-drop-cap-view-default) .elementor-drop-cap{margin-top:8px}.elementor-widget-text-editor:not(.elementor-drop-cap-view-default) .elementor-drop-cap-letter{width:1em;height:1em}.elementor-widget-text-editor .elementor-drop-cap{float:left;text-align:center;line-height:1;font-size:50px}.elementor-widget-text-editor .elementor-drop-cap-letter{display:inline-block}<\/style>\t\t\t\t<p dir=\"ltr\" style=\"line-height: 1.38; background-color: #ffffff; margin-top: 0pt; margin-bottom: 0pt; padding: 0pt 0pt 23pt 0pt;\"><span style=\"background-color: transparent; color: rgb(18, 18, 18); font-family: Arial; font-size: 13pt; white-space-collapse: preserve;\">Siedziba firmy:\n<\/span><span style=\"background-color: transparent; font-family: Arial; font-size: 13pt; white-space-collapse: preserve;\"><font color=\"#121212\">Na \u017c\u0105danie<\/font><\/span><\/p><p dir=\"ltr\" style=\"line-height: 1.38; background-color: #ffffff; margin-top: 0pt; margin-bottom: 0pt; padding: 0pt 0pt 23pt 0pt;\"><span style=\"background-color: transparent; font-family: Arial; font-size: 13pt; white-space-collapse: preserve;\"><font color=\"#121212\"><br>Kontakt: <\/font><\/span><a href=\"mailto:info@cyberchecker.at\"><span style=\"font-size: 13pt; font-family: Arial; color: rgb(17, 85, 204); background-color: transparent; font-variant-numeric: normal; font-variant-east-asian: normal; font-variant-alternates: normal; text-decoration-line: underline; text-decoration-skip-ink: none; vertical-align: baseline; white-space-collapse: preserve;\">info@cyberchecker.at<\/span><\/a><\/p>\n<p dir=\"ltr\" style=\"line-height: 1.38; background-color: #ffffff; margin-top: 0pt; margin-bottom: 0pt; padding: 0pt 0pt 23pt 0pt;\"><span style=\"font-size: 13pt; font-family: Arial; color: #121212; background-color: transparent; font-weight: 400; font-style: normal; font-variant: normal; text-decoration: none; vertical-align: baseline; white-space: pre-wrap;\">Przedmiot dzia\u0142alno\u015bci: Stowarzyszenie<\/span><span style=\"font-size: 13pt; font-family: Arial; color: #121212; background-color: transparent; font-weight: 400; font-style: normal; font-variant: normal; text-decoration: none; vertical-align: baseline; white-space: pre-wrap;\"><br><\/span><span style=\"font-size: 13pt; font-family: Arial; color: #121212; background-color: transparent; font-weight: 400; font-style: normal; font-variant: normal; text-decoration: none; vertical-align: baseline; white-space: pre-wrap;\">Centralny Rejestr Stowarzysze\u0144 (ZVR) dla numeru ZVR 1387903617 <\/span><\/p>\n<p><span><span style=\"font-size: 13pt; font-family: Arial; color: #121212; background-color: transparent; font-variant-numeric: normal; font-variant-east-asian: normal; font-variant-alternates: normal; vertical-align: baseline; white-space-collapse: preserve;\">Reprezentowany przez:<\/span><span style=\"font-size: 13pt; font-family: Arial; color: #121212; background-color: transparent; font-variant-numeric: normal; font-variant-east-asian: normal; font-variant-alternates: normal; vertical-align: baseline; white-space-collapse: preserve;\"><br><\/span><span style=\"font-size: 13pt; font-family: Arial; color: #121212; background-color: transparent; font-variant-numeric: normal; font-variant-east-asian: normal; font-variant-alternates: normal; vertical-align: baseline; white-space-collapse: preserve;\">Alexandra Vrhovac, BEd.<\/span><span style=\"font-size: 13pt; font-family: Arial; color: #121212; background-color: transparent; font-variant-numeric: normal; font-variant-east-asian: normal; font-variant-alternates: normal; vertical-align: baseline; white-space-collapse: preserve;\"><br><\/span><span style=\"font-size: 13pt; font-family: Arial; color: #121212; background-color: transparent; font-variant-numeric: normal; font-variant-east-asian: normal; font-variant-alternates: normal; vertical-align: baseline; white-space-collapse: preserve;\">Sandrine Baumgartner, MSc.<\/span><\/span><\/p>\t\t\t\t\t\t<\/div>\n\t\t\t\t<\/div>\n\t\t\t\t\t<\/div>\n\t\t<\/div>\n\t\t\t\t\t<\/div>\n\t\t<\/section>\n\t\t\t\t\t<\/div>\n\t\t<\/div>\n\t\t\t\t\t<\/div>\n\t\t<\/section>\n\t\t\t\t<section class=\"elementor-section elementor-top-section elementor-element elementor-element-1c8a284 elementor-section-stretched elementor-section-boxed elementor-section-height-default elementor-section-height-default\" data-id=\"1c8a284\" data-element_type=\"section\" data-settings=\"{&quot;stretch_section&quot;:&quot;section-stretched&quot;,&quot;background_background&quot;:&quot;classic&quot;}\">\n\t\t\t\t\t\t\t<div class=\"elementor-background-overlay\"><\/div>\n\t\t\t\t\t\t\t<div class=\"elementor-container elementor-column-gap-default\">\n\t\t\t\t\t<div class=\"elementor-column elementor-col-100 elementor-top-column elementor-element elementor-element-bcb60d7\" data-id=\"bcb60d7\" data-element_type=\"column\">\n\t\t\t<div class=\"elementor-widget-wrap elementor-element-populated\">\n\t\t\t\t\t\t<section class=\"elementor-section elementor-inner-section elementor-element elementor-element-aed74e1 elementor-section-boxed elementor-section-height-default elementor-section-height-default\" data-id=\"aed74e1\" data-element_type=\"section\">\n\t\t\t\t\t\t\t<div class=\"elementor-background-overlay\"><\/div>\n\t\t\t\t\t\t\t<div class=\"elementor-container elementor-column-gap-default\">\n\t\t\t\t\t<div class=\"elementor-column elementor-col-50 elementor-inner-column elementor-element elementor-element-1cacbe1\" data-id=\"1cacbe1\" data-element_type=\"column\">\n\t\t\t<div class=\"elementor-widget-wrap elementor-element-populated\">\n\t\t\t\t\t\t<div class=\"elementor-element elementor-element-228c3f2 animated-fast elementor-invisible elementor-widget elementor-widget-heading\" data-id=\"228c3f2\" data-element_type=\"widget\" data-settings=\"{&quot;_animation&quot;:&quot;slideInUp&quot;}\" data-widget_type=\"heading.default\">\n\t\t\t\t<div class=\"elementor-widget-container\">\n\t\t\t<h3 class=\"elementor-heading-title elementor-size-default\">Zosta\u0144 partnerem!<\/h3>\t\t<\/div>\n\t\t\t\t<\/div>\n\t\t\t\t<div class=\"elementor-element elementor-element-72f5b29 elementor-widget elementor-widget-text-editor\" data-id=\"72f5b29\" data-element_type=\"widget\" data-widget_type=\"text-editor.default\">\n\t\t\t\t<div class=\"elementor-widget-container\">\n\t\t\t\t\t\t\t<p>Jako partner Cyber Checker masz wyj\u0105tkow\u0105 mo\u017cliwo\u015b\u0107 wywarcia pozytywnego wp\u0142ywu na cyfrowy \u015bwiat jutra. Razem mo\u017cemy stworzy\u0107 bezpieczne \u015brodowisko, w kt\u00f3rym dzieci mog\u0105 uczy\u0107 si\u0119, odkrywa\u0107 i komunikowa\u0107 bez obaw.<\/p>\t\t\t\t\t\t<\/div>\n\t\t\t\t<\/div>\n\t\t\t\t\t<\/div>\n\t\t<\/div>\n\t\t\t\t<div class=\"elementor-column elementor-col-50 elementor-inner-column elementor-element elementor-element-e39b0f6\" data-id=\"e39b0f6\" data-element_type=\"column\">\n\t\t\t<div class=\"elementor-widget-wrap elementor-element-populated\">\n\t\t\t\t\t\t<div class=\"elementor-element elementor-element-c0eb4ea elementor-align-right elementor-tablet-align-center elementor-invisible elementor-widget elementor-widget-button\" data-id=\"c0eb4ea\" data-element_type=\"widget\" data-settings=\"{&quot;_animation&quot;:&quot;fadeInUp&quot;}\" data-widget_type=\"button.default\">\n\t\t\t\t<div class=\"elementor-widget-container\">\n\t\t\t\t\t<div class=\"elementor-button-wrapper\">\n\t\t\t<a class=\"elementor-button elementor-button-link elementor-size-sm elementor-animation-float\" href=\"https:\/\/www.cyberchecker.at\/pl\/netzwerk\/\">\n\t\t\t\t\t\t<span class=\"elementor-button-content-wrapper\">\n\t\t\t\t\t\t<span class=\"elementor-button-icon\">\n\t\t\t\t<i aria-hidden=\"true\" class=\"fas fa-paper-plane\"><\/i>\t\t\t<\/span>\n\t\t\t\t\t\t\t\t\t<span class=\"elementor-button-text\">dowiedzie\u0107 si\u0119 wi\u0119cej<\/span>\n\t\t\t\t\t<\/span>\n\t\t\t\t\t<\/a>\n\t\t<\/div>\n\t\t\t\t<\/div>\n\t\t\t\t<\/div>\n\t\t\t\t\t<\/div>\n\t\t<\/div>\n\t\t\t\t\t<\/div>\n\t\t<\/section>\n\t\t\t\t\t<\/div>\n\t\t<\/div>\n\t\t\t\t\t<\/div>\n\t\t<\/section>\n\t\t\t\t<\/div>","protected":false},"excerpt":{"rendered":"<p>Imprint Cyberchecker Towarzysz w \u015bwiecie medi\u00f3w spo\u0142eczno\u015bciowych Siedziba firmy: Na \u017cyczenie Kontakt: info@cyberchecker.at Sektor dzia\u0142alno\u015bci: StowarzyszenieCentralny rejestr stowarzysze\u0144 (ZVR) dla numeru ZVR 1387903617 Reprezentowany przez:Alexandra Vrhovac, BEd.Sandrine Baumgartner, MSc. Zosta\u0144 partnerem! Jako partner Cyber Checker masz wyj\u0105tkow\u0105 okazj\u0119, aby wywrze\u0107 pozytywny wp\u0142yw na cyfrowy \u015bwiat jutra. Razem mo\u017cemy stworzy\u0107 bezpieczny [...]<\/p>","protected":false},"author":3,"featured_media":0,"parent":0,"menu_order":0,"comment_status":"closed","ping_status":"closed","template":"elementor_header_footer","meta":{"_exactmetrics_skip_tracking":false,"_exactmetrics_sitenote_active":false,"_exactmetrics_sitenote_note":"","_exactmetrics_sitenote_category":0,"footnotes":""},"class_list":["post-1647","page","type-page","status-publish","hentry"],"yoast_head":"<!-- This site is optimized with the Yoast SEO plugin v22.8 - https:\/\/yoast.com\/wordpress\/plugins\/seo\/ -->\n<title>Impressum - cyberchecker<\/title>\n<meta name=\"robots\" content=\"index, follow, max-snippet:-1, max-image-preview:large, max-video-preview:-1\" \/>\n<link rel=\"canonical\" href=\"https:\/\/www.cyberchecker.at\/pl\/impressum\/\" \/>\n<meta property=\"og:locale\" content=\"pl_PL\" \/>\n<meta property=\"og:type\" content=\"article\" \/>\n<meta property=\"og:title\" content=\"Impressum - cyberchecker\" \/>\n<meta property=\"og:description\" content=\"Impressum Cyberchecker Wegbegleiter durch die Welt der Sozialen Medien Firmensitz: Auf Anfrage Kontakt: info@cyberchecker.at Gesch\u00e4ftszweig: VereinZentralen Vereinsregister (ZVR) zur ZVR-Zahl 1387903617 Vertreten durch:Alexandra Vrhovac, BEd.Sandrine Baumgartner, MSc. Partner werden! Als Partner von Cyber Checker, hast du die einzigartige M\u00f6glichkeit, einen positiven Einfluss auf die digitale Welt von morgen zu nehmen. Gemeinsam k\u00f6nnen wir eine sichere [&hellip;]\" \/>\n<meta property=\"og:url\" content=\"https:\/\/www.cyberchecker.at\/pl\/impressum\/\" \/>\n<meta property=\"og:site_name\" content=\"cyberchecker\" \/>\n<meta property=\"article:modified_time\" content=\"2023-09-29T10:08:16+00:00\" \/>\n<meta name=\"twitter:card\" content=\"summary_large_image\" \/>\n<meta name=\"twitter:label1\" content=\"Szacowany czas czytania\" \/>\n\t<meta name=\"twitter:data1\" content=\"1 minuta\" \/>\n<script type=\"application\/ld+json\" class=\"yoast-schema-graph\">{\"@context\":\"https:\/\/schema.org\",\"@graph\":[{\"@type\":\"WebPage\",\"@id\":\"https:\/\/www.cyberchecker.at\/impressum\/\",\"url\":\"https:\/\/www.cyberchecker.at\/impressum\/\",\"name\":\"Impressum - cyberchecker\",\"isPartOf\":{\"@id\":\"https:\/\/www.cyberchecker.at\/#website\"},\"datePublished\":\"2023-06-02T07:43:09+00:00\",\"dateModified\":\"2023-09-29T10:08:16+00:00\",\"breadcrumb\":{\"@id\":\"https:\/\/www.cyberchecker.at\/impressum\/#breadcrumb\"},\"inLanguage\":\"pl-PL\",\"potentialAction\":[{\"@type\":\"ReadAction\",\"target\":[\"https:\/\/www.cyberchecker.at\/impressum\/\"]}]},{\"@type\":\"BreadcrumbList\",\"@id\":\"https:\/\/www.cyberchecker.at\/impressum\/#breadcrumb\",\"itemListElement\":[{\"@type\":\"ListItem\",\"position\":1,\"name\":\"Startseite\",\"item\":\"https:\/\/www.cyberchecker.at\/\"},{\"@type\":\"ListItem\",\"position\":2,\"name\":\"Impressum\"}]},{\"@type\":\"WebSite\",\"@id\":\"https:\/\/www.cyberchecker.at\/#website\",\"url\":\"https:\/\/www.cyberchecker.at\/\",\"name\":\"cyberchecker\",\"description\":\"\",\"publisher\":{\"@id\":\"https:\/\/www.cyberchecker.at\/#organization\"},\"potentialAction\":[{\"@type\":\"SearchAction\",\"target\":{\"@type\":\"EntryPoint\",\"urlTemplate\":\"https:\/\/www.cyberchecker.at\/?s={search_term_string}\"},\"query-input\":\"required name=search_term_string\"}],\"inLanguage\":\"pl-PL\"},{\"@type\":\"Organization\",\"@id\":\"https:\/\/www.cyberchecker.at\/#organization\",\"name\":\"cyberchecker\",\"url\":\"https:\/\/www.cyberchecker.at\/\",\"logo\":{\"@type\":\"ImageObject\",\"inLanguage\":\"pl-PL\",\"@id\":\"https:\/\/www.cyberchecker.at\/#\/schema\/logo\/image\/\",\"url\":\"https:\/\/www.cyberchecker.at\/wp-content\/uploads\/2023\/05\/Design-ohne-Titel-9.png\",\"contentUrl\":\"https:\/\/www.cyberchecker.at\/wp-content\/uploads\/2023\/05\/Design-ohne-Titel-9.png\",\"width\":1000,\"height\":400,\"caption\":\"cyberchecker\"},\"image\":{\"@id\":\"https:\/\/www.cyberchecker.at\/#\/schema\/logo\/image\/\"}}]}<\/script>\n<!-- \/ Yoast SEO plugin. -->","yoast_head_json":{"title":"Impressum - cyberchecker","robots":{"index":"index","follow":"follow","max-snippet":"max-snippet:-1","max-image-preview":"max-image-preview:large","max-video-preview":"max-video-preview:-1"},"canonical":"https:\/\/www.cyberchecker.at\/pl\/impressum\/","og_locale":"pl_PL","og_type":"article","og_title":"Impressum - cyberchecker","og_description":"Impressum Cyberchecker Wegbegleiter durch die Welt der Sozialen Medien Firmensitz: Auf Anfrage Kontakt: info@cyberchecker.at Gesch\u00e4ftszweig: VereinZentralen Vereinsregister (ZVR) zur ZVR-Zahl 1387903617 Vertreten durch:Alexandra Vrhovac, BEd.Sandrine Baumgartner, MSc. Partner werden! Als Partner von Cyber Checker, hast du die einzigartige M\u00f6glichkeit, einen positiven Einfluss auf die digitale Welt von morgen zu nehmen. Gemeinsam k\u00f6nnen wir eine sichere [&hellip;]","og_url":"https:\/\/www.cyberchecker.at\/pl\/impressum\/","og_site_name":"cyberchecker","article_modified_time":"2023-09-29T10:08:16+00:00","twitter_card":"summary_large_image","twitter_misc":{"Szacowany czas czytania":"1 minuta"},"schema":{"@context":"https:\/\/schema.org","@graph":[{"@type":"WebPage","@id":"https:\/\/www.cyberchecker.at\/impressum\/","url":"https:\/\/www.cyberchecker.at\/impressum\/","name":"Impressum - cyberchecker","isPartOf":{"@id":"https:\/\/www.cyberchecker.at\/#website"},"datePublished":"2023-06-02T07:43:09+00:00","dateModified":"2023-09-29T10:08:16+00:00","breadcrumb":{"@id":"https:\/\/www.cyberchecker.at\/impressum\/#breadcrumb"},"inLanguage":"pl-PL","potentialAction":[{"@type":"ReadAction","target":["https:\/\/www.cyberchecker.at\/impressum\/"]}]},{"@type":"BreadcrumbList","@id":"https:\/\/www.cyberchecker.at\/impressum\/#breadcrumb","itemListElement":[{"@type":"ListItem","position":1,"name":"Startseite","item":"https:\/\/www.cyberchecker.at\/"},{"@type":"ListItem","position":2,"name":"Impressum"}]},{"@type":"WebSite","@id":"https:\/\/www.cyberchecker.at\/#website","url":"https:\/\/www.cyberchecker.at\/","name":"cyberchecker","description":"","publisher":{"@id":"https:\/\/www.cyberchecker.at\/#organization"},"potentialAction":[{"@type":"SearchAction","target":{"@type":"EntryPoint","urlTemplate":"https:\/\/www.cyberchecker.at\/?s={search_term_string}"},"query-input":"required name=search_term_string"}],"inLanguage":"pl-PL"},{"@type":"Organization","@id":"https:\/\/www.cyberchecker.at\/#organization","name":"cyberchecker","url":"https:\/\/www.cyberchecker.at\/","logo":{"@type":"ImageObject","inLanguage":"pl-PL","@id":"https:\/\/www.cyberchecker.at\/#\/schema\/logo\/image\/","url":"https:\/\/www.cyberchecker.at\/wp-content\/uploads\/2023\/05\/Design-ohne-Titel-9.png","contentUrl":"https:\/\/www.cyberchecker.at\/wp-content\/uploads\/2023\/05\/Design-ohne-Titel-9.png","width":1000,"height":400,"caption":"cyberchecker"},"image":{"@id":"https:\/\/www.cyberchecker.at\/#\/schema\/logo\/image\/"}}]}},"_links":{"self":[{"href":"https:\/\/www.cyberchecker.at\/pl\/wp-json\/wp\/v2\/pages\/1647","targetHints":{"allow":["GET"]}}],"collection":[{"href":"https:\/\/www.cyberchecker.at\/pl\/wp-json\/wp\/v2\/pages"}],"about":[{"href":"https:\/\/www.cyberchecker.at\/pl\/wp-json\/wp\/v2\/types\/page"}],"author":[{"embeddable":true,"href":"https:\/\/www.cyberchecker.at\/pl\/wp-json\/wp\/v2\/users\/3"}],"replies":[{"embeddable":true,"href":"https:\/\/www.cyberchecker.at\/pl\/wp-json\/wp\/v2\/comments?post=1647"}],"version-history":[{"count":0,"href":"https:\/\/www.cyberchecker.at\/pl\/wp-json\/wp\/v2\/pages\/1647\/revisions"}],"wp:attachment":[{"href":"https:\/\/www.cyberchecker.at\/pl\/wp-json\/wp\/v2\/media?parent=1647"}],"curies":[{"name":"wp","href":"https:\/\/api.w.org\/{rel}","templated":true}]}}